{"id":1522,"date":"2020-09-26T15:09:37","date_gmt":"2020-09-26T13:09:37","guid":{"rendered":"https:\/\/solila.ch\/?page_id=1522"},"modified":"2026-02-17T18:11:31","modified_gmt":"2026-02-17T17:11:31","slug":"eckpfeiler","status":"publish","type":"page","link":"https:\/\/solila.ch\/?page_id=1522","title":{"rendered":"ECKPFEILER"},"content":{"rendered":"\n<ul class=\"wp-block-list\">\n<li>Die SoliLa m\u00f6chte eine <strong>alternative Wirtschaftsform<\/strong> aufbauen, die gemeinschaftlich organisiert und getragen ist, nicht marktwirtschaftlich funktioniert, nicht gewinnorientiert ist, m\u00f6glichst keinen Zwischenhandel betreibt und faire Arbeitsbedingungen schafft.<\/li>\n<\/ul>\n\n\n\n<ul class=\"wp-block-list\">\n<li>Die SoliLa verfolgt <strong>\u00f6kologisches Gedankengut<\/strong>. Aufgrund dessen stellt sie Werte wie Regionalit\u00e4t, Saisonalit\u00e4t, Kleinr\u00e4umigkeit, biologischen Anbau (mindestens nach den Richtlinien von Bio Suisse), Biodiversit\u00e4t, No Food Waste, Erhaltung und Zug\u00e4nglichmachung von biologischem und samenfestem Saatgut, nachhaltige Bodenbewirtschaftung und kurze Transportwege ins Zentrum.<\/li>\n<\/ul>\n\n\n\n<ul class=\"wp-block-list\">\n<li>Die SoliLa ist eine <strong>basisdemokratisch organisierte Genossenschaft<\/strong>. Jedes Mitglied soll gleichberechtigt mit allen anderen mitbestimmen k\u00f6nnen.<\/li>\n<\/ul>\n\n\n\n<figure class=\"wp-block-gallery aligncenter has-nested-images columns-default is-cropped wp-block-gallery-1 is-layout-flex wp-block-gallery-is-layout-flex\">\n<figure class=\"wp-block-image size-large is-style-default\"><img fetchpriority=\"high\" decoding=\"async\" width=\"1024\" height=\"683\" data-id=\"1523\" src=\"https:\/\/solila.ch\/wordpress\/wp-content\/uploads\/2020\/09\/DSC_0130-1024x683.jpg\" alt=\"\" class=\"wp-image-1523\" srcset=\"https:\/\/solila.ch\/wordpress\/wp-content\/uploads\/2020\/09\/DSC_0130-1024x683.jpg 1024w, https:\/\/solila.ch\/wordpress\/wp-content\/uploads\/2020\/09\/DSC_0130-300x200.jpg 300w, https:\/\/solila.ch\/wordpress\/wp-content\/uploads\/2020\/09\/DSC_0130-768x512.jpg 768w, https:\/\/solila.ch\/wordpress\/wp-content\/uploads\/2020\/09\/DSC_0130-738x492.jpg 738w, https:\/\/solila.ch\/wordpress\/wp-content\/uploads\/2020\/09\/DSC_0130-996x664.jpg 996w, https:\/\/solila.ch\/wordpress\/wp-content\/uploads\/2020\/09\/DSC_0130.jpg 1200w\" sizes=\"(max-width: 1024px) 100vw, 1024px\" \/><\/figure>\n\n\n\n<figure class=\"wp-block-image size-large\"><img decoding=\"async\" width=\"1024\" height=\"768\" data-id=\"1525\" src=\"https:\/\/solila.ch\/wordpress\/wp-content\/uploads\/2020\/09\/IMG_1765-1024x768.jpg\" alt=\"\" class=\"wp-image-1525\" srcset=\"https:\/\/solila.ch\/wordpress\/wp-content\/uploads\/2020\/09\/IMG_1765-1024x768.jpg 1024w, https:\/\/solila.ch\/wordpress\/wp-content\/uploads\/2020\/09\/IMG_1765-300x225.jpg 300w, https:\/\/solila.ch\/wordpress\/wp-content\/uploads\/2020\/09\/IMG_1765-768x576.jpg 768w, https:\/\/solila.ch\/wordpress\/wp-content\/uploads\/2020\/09\/IMG_1765-738x554.jpg 738w, https:\/\/solila.ch\/wordpress\/wp-content\/uploads\/2020\/09\/IMG_1765-996x747.jpg 996w, https:\/\/solila.ch\/wordpress\/wp-content\/uploads\/2020\/09\/IMG_1765.jpg 1200w\" sizes=\"(max-width: 1024px) 100vw, 1024px\" \/><\/figure>\n<\/figure>\n\n\n\n<ul class=\"wp-block-list\">\n<li>Der SoliLa ist es ein Anliegen <strong>soziale Gesichtspunkte<\/strong> zu integrieren. Im Vordergrund steht die Idee des Zugangs f\u00fcr alle. Das heisst, auch Menschen in gesellschaftlich benachteiligter Position soll es erm\u00f6glicht werden, einen Ernteanteil zu beziehen.<\/li>\n<\/ul>\n\n\n\n<ul class=\"wp-block-list\">\n<li>Die SoliLa vernetzt sich mit ihr gleichgesinnten Projekten f\u00fcr eine <strong>gegenseitige Potenzierung <\/strong>und weil eine gesellschaftliche Transformation gemeinsam eher bewirkt werden kann.<\/li>\n<\/ul>\n\n\n\n<ul class=\"wp-block-list\">\n<li>F\u00fcr die SoliLa ist es wichtig, dass ihre <strong>Mitglieder selbstverantwortlich handeln<\/strong>. Es geht einerseits darum, die Lebensmittelproduktion selber in die H\u00e4nde zu nehmen (was soll wie produziert werden), statt sie von multinationalen Konzernen und staatlichen Richtlinien diktieren zu lassen. Andererseits soll jedes Mitglied selbst entscheiden, wie es sich in die Gemeinschaft einbringen m\u00f6chte.<\/li>\n<\/ul>\n\n\n\n<ul class=\"wp-block-list\">\n<li>Es soll sowohl innerhalb der Genossenschaft als auch dar\u00fcber hinaus eine <strong>Achtsamkeit<\/strong> gegen\u00fcber der Umwelt, der Herstellung von Lebensmitteln und deren Verzehr gef\u00f6rdert werden. Diesem Ziel wollen wir mittels <strong>Bildungsimpulsen<\/strong> nachgehen.<\/li>\n<\/ul>\n\n\n\n<p><\/p>\n","protected":false},"excerpt":{"rendered":"","protected":false},"author":2,"featured_media":0,"parent":1652,"menu_order":2,"comment_status":"closed","ping_status":"closed","template":"templates\/fullwidth.php","meta":{"_eb_attr":"","footnotes":""},"class_list":["post-1522","page","type-page","status-publish","hentry"],"_links":{"self":[{"href":"https:\/\/solila.ch\/index.php?rest_route=\/wp\/v2\/pages\/1522","targetHints":{"allow":["GET"]}}],"collection":[{"href":"https:\/\/solila.ch\/index.php?rest_route=\/wp\/v2\/pages"}],"about":[{"href":"https:\/\/solila.ch\/index.php?rest_route=\/wp\/v2\/types\/page"}],"author":[{"embeddable":true,"href":"https:\/\/solila.ch\/index.php?rest_route=\/wp\/v2\/users\/2"}],"replies":[{"embeddable":true,"href":"https:\/\/solila.ch\/index.php?rest_route=%2Fwp%2Fv2%2Fcomments&post=1522"}],"version-history":[{"count":7,"href":"https:\/\/solila.ch\/index.php?rest_route=\/wp\/v2\/pages\/1522\/revisions"}],"predecessor-version":[{"id":2003,"href":"https:\/\/solila.ch\/index.php?rest_route=\/wp\/v2\/pages\/1522\/revisions\/2003"}],"up":[{"embeddable":true,"href":"https:\/\/solila.ch\/index.php?rest_route=\/wp\/v2\/pages\/1652"}],"wp:attachment":[{"href":"https:\/\/solila.ch\/index.php?rest_route=%2Fwp%2Fv2%2Fmedia&parent=1522"}],"curies":[{"name":"wp","href":"https:\/\/api.w.org\/{rel}","templated":true}]}}