{"id":16,"date":"2019-02-05T11:04:52","date_gmt":"2019-02-05T10:04:52","guid":{"rendered":"https:\/\/solila.ch\/wordpress\/?page_id=16"},"modified":"2026-04-05T19:52:00","modified_gmt":"2026-04-05T17:52:00","slug":"team","status":"publish","type":"page","link":"https:\/\/solila.ch\/?page_id=16","title":{"rendered":"DIE SOLILA"},"content":{"rendered":"\t\t<div data-elementor-type=\"wp-page\" data-elementor-id=\"16\" class=\"elementor elementor-16\">\n\t\t\t\t\t\t<section class=\"elementor-section elementor-top-section elementor-element elementor-element-70118a9d elementor-section-boxed elementor-section-height-default elementor-section-height-default\" data-id=\"70118a9d\" data-element_type=\"section\" data-e-type=\"section\">\n\t\t\t\t\t\t<div class=\"elementor-container elementor-column-gap-default\">\n\t\t\t\t\t<div class=\"elementor-column elementor-col-100 elementor-top-column elementor-element elementor-element-563d4f43\" data-id=\"563d4f43\" data-element_type=\"column\" data-e-type=\"column\">\n\t\t\t<div class=\"elementor-widget-wrap elementor-element-populated\">\n\t\t\t\t\t\t<div class=\"elementor-element elementor-element-23e94ccf elementor-widget elementor-widget-text-editor\" data-id=\"23e94ccf\" data-element_type=\"widget\" data-e-type=\"widget\" data-widget_type=\"text-editor.default\">\n\t\t\t\t<div class=\"elementor-widget-container\">\n\t\t\t\t\t\t\t\t\t\n<p>Das SoliLa-Projekt in M\u00f6hlin hat im Jahr 2014 mit einer Gruppe von interessierten Menschen rund um den Eulenhof begonnen. Im Jahr 2016 wurde daraufhin der Verein Solidarische Landwirtschaft (SOLILA) Eulenhof gegr\u00fcndet. Um die Rechtsform des Projekts an dessen Grundidee anzupassen (u.a. wirtschaftliche Selbsthilfe, Mitwirkung und Mitbestimmung der Mitglieder, direkte Demokratie), beschlossen die Vereinsmitglieder im November 2019, aus dem Verein eine Genossenschaft zu machen. Die Gr\u00fcndungsversammlung der Genossenschaft SoliLa Eulenhof hat Ende August 2020 stattgefunden.<\/p>\t\t\t\t\t\t\t\t<\/div>\n\t\t\t\t<\/div>\n\t\t\t\t<div class=\"elementor-element elementor-element-c3edbd8 elementor-widget elementor-widget-video\" data-id=\"c3edbd8\" data-element_type=\"widget\" data-e-type=\"widget\" data-settings=\"{&quot;video_type&quot;:&quot;vimeo&quot;}\" data-widget_type=\"video.default\">\n\t\t\t\t<div class=\"elementor-widget-container\">\n\t\t\t\t\t\t\t<div class=\"elementor-wrapper elementor-open-inline\">\n\t\t\t<iframe class=\"elementor-video-iframe\" allowfullscreen allow=\"clipboard-write\" title=\"vimeo Video Player\" src=\"https:\/\/player.vimeo.com\/video\/1173705917?color&amp;autopause=0&amp;loop=0&amp;muted=0&amp;title=1&amp;portrait=1&amp;byline=1#t=\"><\/iframe>\t\t<\/div>\n\t\t\t\t\t\t<\/div>\n\t\t\t\t<\/div>\n\t\t\t\t<div class=\"elementor-element elementor-element-f7bd4cd elementor-widget elementor-widget-text-editor\" data-id=\"f7bd4cd\" data-element_type=\"widget\" data-e-type=\"widget\" data-widget_type=\"text-editor.default\">\n\t\t\t\t<div class=\"elementor-widget-container\">\n\t\t\t\t\t\t\t\t\t\n<p>\u00a0<\/p>\n<p><strong style=\"font-family: inherit;\">Die SoliLa ist offen f\u00fcr alle Menschen, gemacht um sich auszutauschen, zusammen zu essen und zu feiern, gemeinsam zu organisieren, zu tragen und zu entscheiden.<\/strong><\/p>\n\n<p>Aktuell besteht die SoliLa aus ca. 140 Mitgliedern. \u00dcber die Geschehnisse auf dem Eulenhof werden die Mitglieder w\u00f6chentlich mittels der \u00abEulenpost\u00bb sowie mit dem monatlichen Newsletter \u00abEulenpost express\u00bb informiert. Um die allt\u00e4glichen Gesch\u00e4fte der Genossenschaft k\u00fcmmert sich eine Gruppe von Mitgliedern, die Betriebsgruppe. Momentan besteht diese\u00a0aus:<\/p>\n\n<p><span style=\"color: #99c036;\"><strong>Giusi<br \/>Patricia<br \/>Janna<\/strong><\/span><br \/><span style=\"color: #99c036;\"><strong>Bettina<\/strong><\/span><br \/><span style=\"color: #99c036;\"><strong>Melanie<\/strong><\/span><br \/><span style=\"color: #99c036;\"><strong>Marco<\/strong><\/span><br \/><span style=\"color: #99c036;\"><strong>Julien<br \/><br \/><\/strong><\/span><\/p>\n<p><strong>Kontakt<\/strong>: <a href=\"mailto:info@solila-eulenhof.ch\">info@solila-eulenhof.ch<\/a><\/p>\t\t\t\t\t\t\t\t<\/div>\n\t\t\t\t<\/div>\n\t\t\t\t\t<\/div>\n\t\t<\/div>\n\t\t\t\t\t<\/div>\n\t\t<\/section>\n\t\t\t\t<\/div>\n\t\t","protected":false},"excerpt":{"rendered":"<p>Das SoliLa-Projekt in M\u00f6hlin hat im Jahr 2014 mit einer Gruppe von interessierten Menschen rund um den Eulenhof begonnen. Im Jahr 2016 wurde daraufhin der Verein Solidarische Landwirtschaft (SOLILA) Eulenhof gegr\u00fcndet. Um die Rechtsform des Projekts an dessen Grundidee anzupassen (u.a. wirtschaftliche Selbsthilfe, Mitwirkung und Mitbestimmung der Mitglieder, direkte Demokratie), beschlossen die Vereinsmitglieder im November &#8230;<\/p>\n","protected":false},"author":1,"featured_media":0,"parent":1652,"menu_order":1,"comment_status":"closed","ping_status":"closed","template":"templates\/fullwidth.php","meta":{"_eb_attr":"","footnotes":""},"class_list":["post-16","page","type-page","status-publish","hentry"],"_links":{"self":[{"href":"https:\/\/solila.ch\/index.php?rest_route=\/wp\/v2\/pages\/16","targetHints":{"allow":["GET"]}}],"collection":[{"href":"https:\/\/solila.ch\/index.php?rest_route=\/wp\/v2\/pages"}],"about":[{"href":"https:\/\/solila.ch\/index.php?rest_route=\/wp\/v2\/types\/page"}],"author":[{"embeddable":true,"href":"https:\/\/solila.ch\/index.php?rest_route=\/wp\/v2\/users\/1"}],"replies":[{"embeddable":true,"href":"https:\/\/solila.ch\/index.php?rest_route=%2Fwp%2Fv2%2Fcomments&post=16"}],"version-history":[{"count":104,"href":"https:\/\/solila.ch\/index.php?rest_route=\/wp\/v2\/pages\/16\/revisions"}],"predecessor-version":[{"id":2158,"href":"https:\/\/solila.ch\/index.php?rest_route=\/wp\/v2\/pages\/16\/revisions\/2158"}],"up":[{"embeddable":true,"href":"https:\/\/solila.ch\/index.php?rest_route=\/wp\/v2\/pages\/1652"}],"wp:attachment":[{"href":"https:\/\/solila.ch\/index.php?rest_route=%2Fwp%2Fv2%2Fmedia&parent=16"}],"curies":[{"name":"wp","href":"https:\/\/api.w.org\/{rel}","templated":true}]}}