{"id":2027,"date":"2026-03-15T10:07:16","date_gmt":"2026-03-15T09:07:16","guid":{"rendered":"https:\/\/solila.ch\/?page_id=2027"},"modified":"2026-04-05T19:47:27","modified_gmt":"2026-04-05T17:47:27","slug":"naechster-event","status":"publish","type":"page","link":"https:\/\/solila.ch\/?page_id=2027","title":{"rendered":"N\u00c4CHSTE EVENTS"},"content":{"rendered":"\t\t<div data-elementor-type=\"wp-page\" data-elementor-id=\"2027\" class=\"elementor elementor-2027\">\n\t\t\t\t\t\t<section class=\"elementor-section elementor-top-section elementor-element elementor-element-73f20430 elementor-section-boxed elementor-section-height-default elementor-section-height-default\" data-id=\"73f20430\" data-element_type=\"section\" data-e-type=\"section\">\n\t\t\t\t\t\t<div class=\"elementor-container elementor-column-gap-default\">\n\t\t\t\t\t<div class=\"elementor-column elementor-col-50 elementor-top-column elementor-element elementor-element-523b9aac\" data-id=\"523b9aac\" data-element_type=\"column\" data-e-type=\"column\">\n\t\t\t<div class=\"elementor-widget-wrap elementor-element-populated\">\n\t\t\t\t\t\t<div class=\"elementor-element elementor-element-a3719e7 elementor-widget elementor-widget-heading\" data-id=\"a3719e7\" data-element_type=\"widget\" data-e-type=\"widget\" data-widget_type=\"heading.default\">\n\t\t\t\t<div class=\"elementor-widget-container\">\n\t\t\t\t\t<h2 class=\"elementor-heading-title elementor-size-default\">AKTIONSTAG \"TOMATEN SETZEN\"<\/h2>\t\t\t\t<\/div>\n\t\t\t\t<\/div>\n\t\t\t\t<div class=\"elementor-element elementor-element-566933f1 elementor-widget elementor-widget-text-editor\" data-id=\"566933f1\" data-element_type=\"widget\" data-e-type=\"widget\" data-widget_type=\"text-editor.default\">\n\t\t\t\t<div class=\"elementor-widget-container\">\n\t\t\t\t\t\t\t\t\t<figure class=\"wp-block-gallery has-nested-images columns-4 is-cropped\">\n<p><span style=\"font-family: inherit;\"><strong>Datum:<\/strong> Samstag, 25. April 2026 von 9:00 bis 17:00 Uhr auf dem Eulenhof in M\u00f6hlin (inkl. gemeinsamer Mittagspause)<\/span><\/p>\n<\/figure>\n<p><strong>Adresse<\/strong>: Eulenhof, Schaufelgasse 34a, 4313 M\u00f6hlin<\/p>\n<p><!-- \/wp:paragraph --><!-- wp:paragraph --><\/p>\n<p><strong>Challange<\/strong>: Ziel ist es, 700 Tomatensetzlinge im grossen Gew\u00e4chshaus zu pflanzen. Das klingt nach ganz sch\u00f6n viel, deswegen brauchen wir eure tatkr\u00e4ftige Unterst\u00fctzung.<\/p>\n<p><strong>Mittagessen<\/strong>: Ein Betriebsgruppenmitglied kocht mit der Unterst\u00fctzung von 1-2 Mitgliedern Dinkelpasta und eine Tomatensauce mit Gem\u00fcse vom Eulenhof. Dazu gibt es einen Salat und bei sch\u00f6nem Wetter ein Feuer zum Grillieren.<\/p>\n<p><strong>Mitbringen:<\/strong> Nebst der obligatorisch guten Laune solltet ihr Folgendes mitbringen:<br \/>&#8211; trittfestes Schuhwerk<br \/>&#8211; Wasserflasche<br \/>&#8211; dem Wetter entsprechende Kleidung<br \/>&#8211; optional: etwas f\u00fcr den Grill oder die Pfanne (je nach Wetter)<\/p>\n<p><!-- \/wp:paragraph --><\/p>\t\t\t\t\t\t\t\t<\/div>\n\t\t\t\t<\/div>\n\t\t\t\t\t<\/div>\n\t\t<\/div>\n\t\t\t\t<div class=\"elementor-column elementor-col-50 elementor-top-column elementor-element elementor-element-2b7b67d\" data-id=\"2b7b67d\" data-element_type=\"column\" data-e-type=\"column\">\n\t\t\t<div class=\"elementor-widget-wrap elementor-element-populated\">\n\t\t\t\t\t\t<div class=\"elementor-element elementor-element-2eac22d elementor-widget elementor-widget-image\" data-id=\"2eac22d\" data-element_type=\"widget\" data-e-type=\"widget\" data-widget_type=\"image.default\">\n\t\t\t\t<div class=\"elementor-widget-container\">\n\t\t\t\t\t\t\t\t\t\t\t\t\t\t\t<img fetchpriority=\"high\" decoding=\"async\" width=\"996\" height=\"996\" src=\"https:\/\/solila.ch\/wordpress\/wp-content\/uploads\/2026\/04\/Tomaten_bearbeitet-1024x1024.jpg\" class=\"attachment-large size-large wp-image-2140\" alt=\"\" srcset=\"https:\/\/solila.ch\/wordpress\/wp-content\/uploads\/2026\/04\/Tomaten_bearbeitet-1024x1024.jpg 1024w, https:\/\/solila.ch\/wordpress\/wp-content\/uploads\/2026\/04\/Tomaten_bearbeitet-300x300.jpg 300w, https:\/\/solila.ch\/wordpress\/wp-content\/uploads\/2026\/04\/Tomaten_bearbeitet-150x150.jpg 150w, https:\/\/solila.ch\/wordpress\/wp-content\/uploads\/2026\/04\/Tomaten_bearbeitet-768x768.jpg 768w, https:\/\/solila.ch\/wordpress\/wp-content\/uploads\/2026\/04\/Tomaten_bearbeitet-144x144.jpg 144w, https:\/\/solila.ch\/wordpress\/wp-content\/uploads\/2026\/04\/Tomaten_bearbeitet-738x738.jpg 738w, https:\/\/solila.ch\/wordpress\/wp-content\/uploads\/2026\/04\/Tomaten_bearbeitet-996x996.jpg 996w, https:\/\/solila.ch\/wordpress\/wp-content\/uploads\/2026\/04\/Tomaten_bearbeitet-480x480.jpg 480w, https:\/\/solila.ch\/wordpress\/wp-content\/uploads\/2026\/04\/Tomaten_bearbeitet-960x960.jpg 960w, https:\/\/solila.ch\/wordpress\/wp-content\/uploads\/2026\/04\/Tomaten_bearbeitet.jpg 1200w\" sizes=\"(max-width: 996px) 100vw, 996px\" \/>\t\t\t\t\t\t\t\t\t\t\t\t\t\t\t<\/div>\n\t\t\t\t<\/div>\n\t\t\t\t\t<\/div>\n\t\t<\/div>\n\t\t\t\t\t<\/div>\n\t\t<\/section>\n\t\t\t\t<section class=\"elementor-section elementor-top-section elementor-element elementor-element-2459f83 elementor-section-boxed elementor-section-height-default elementor-section-height-default\" data-id=\"2459f83\" data-element_type=\"section\" data-e-type=\"section\">\n\t\t\t\t\t\t<div class=\"elementor-container elementor-column-gap-default\">\n\t\t\t\t\t<div class=\"elementor-column elementor-col-50 elementor-top-column elementor-element elementor-element-c755631\" data-id=\"c755631\" data-element_type=\"column\" data-e-type=\"column\">\n\t\t\t<div class=\"elementor-widget-wrap elementor-element-populated\">\n\t\t\t\t\t\t<div class=\"elementor-element elementor-element-f6994b0 elementor-widget elementor-widget-heading\" data-id=\"f6994b0\" data-element_type=\"widget\" data-e-type=\"widget\" data-widget_type=\"heading.default\">\n\t\t\t\t<div class=\"elementor-widget-container\">\n\t\t\t\t\t<h2 class=\"elementor-heading-title elementor-size-default\">GENERALVERSAMMLUNG<\/h2>\t\t\t\t<\/div>\n\t\t\t\t<\/div>\n\t\t\t\t<div class=\"elementor-element elementor-element-833436d elementor-widget elementor-widget-text-editor\" data-id=\"833436d\" data-element_type=\"widget\" data-e-type=\"widget\" data-widget_type=\"text-editor.default\">\n\t\t\t\t<div class=\"elementor-widget-container\">\n\t\t\t\t\t\t\t\t\t<figure class=\"wp-block-gallery has-nested-images columns-4 is-cropped\">\n<p><span style=\"font-family: inherit;\">Die diesj\u00e4hrige GV beginnt am: <strong>Sonntag, 26. April 2026 um 14:00 in der Villa Kym in M\u00f6hlin<\/strong><\/span><\/p>\n<\/figure>\n<p><strong>Adresse<\/strong>: Villa Kym, J.-U.-Kymweg 1, 4313 M\u00f6hlin<\/p>\n<p><!-- \/wp:paragraph --><!-- wp:paragraph --><\/p>\n<p>Unsere Mitglieder sind herzlich eingeladen, mit uns zu diskutieren, zu visionieren, mitzubestimmen und anschliessend einen gemeinsamen Ap\u00e9ro zu geniessen.<\/p>\n<p><strong>Ap\u00e9ro<\/strong>: f\u00fcr Getr\u00e4nke wird gesorgt. \u00dcber Beitr\u00e4ge zum Buffet freuen wir uns.<\/p>\n<p><!-- \/wp:paragraph --><\/p>\t\t\t\t\t\t\t\t<\/div>\n\t\t\t\t<\/div>\n\t\t\t\t\t<\/div>\n\t\t<\/div>\n\t\t\t\t<div class=\"elementor-column elementor-col-50 elementor-top-column elementor-element elementor-element-be57fe6\" data-id=\"be57fe6\" data-element_type=\"column\" data-e-type=\"column\">\n\t\t\t<div class=\"elementor-widget-wrap elementor-element-populated\">\n\t\t\t\t\t\t<div class=\"elementor-element elementor-element-4de523e elementor-widget elementor-widget-image\" data-id=\"4de523e\" data-element_type=\"widget\" data-e-type=\"widget\" data-widget_type=\"image.default\">\n\t\t\t\t<div class=\"elementor-widget-container\">\n\t\t\t\t\t\t\t\t\t\t\t\t\t\t\t<img decoding=\"async\" width=\"381\" height=\"381\" src=\"https:\/\/solila.ch\/wordpress\/wp-content\/uploads\/2026\/04\/bilder-gv2.jpg\" class=\"attachment-large size-large wp-image-2141\" alt=\"\" srcset=\"https:\/\/solila.ch\/wordpress\/wp-content\/uploads\/2026\/04\/bilder-gv2.jpg 381w, https:\/\/solila.ch\/wordpress\/wp-content\/uploads\/2026\/04\/bilder-gv2-300x300.jpg 300w, https:\/\/solila.ch\/wordpress\/wp-content\/uploads\/2026\/04\/bilder-gv2-150x150.jpg 150w, https:\/\/solila.ch\/wordpress\/wp-content\/uploads\/2026\/04\/bilder-gv2-144x144.jpg 144w\" sizes=\"(max-width: 381px) 100vw, 381px\" \/>\t\t\t\t\t\t\t\t\t\t\t\t\t\t\t<\/div>\n\t\t\t\t<\/div>\n\t\t\t\t\t<\/div>\n\t\t<\/div>\n\t\t\t\t\t<\/div>\n\t\t<\/section>\n\t\t\t\t<\/div>\n\t\t","protected":false},"excerpt":{"rendered":"<p>AKTIONSTAG &#171;TOMATEN SETZEN&#187; Datum: Samstag, 25. April 2026 von 9:00 bis 17:00 Uhr auf dem Eulenhof in M\u00f6hlin (inkl. gemeinsamer Mittagspause) Adresse: Eulenhof, Schaufelgasse 34a, 4313 M\u00f6hlin Challange: Ziel ist es, 700 Tomatensetzlinge im grossen Gew\u00e4chshaus zu pflanzen. Das klingt nach ganz sch\u00f6n viel, deswegen brauchen wir eure tatkr\u00e4ftige Unterst\u00fctzung. Mittagessen: Ein Betriebsgruppenmitglied kocht mit &#8230;<\/p>\n","protected":false},"author":2,"featured_media":0,"parent":1805,"menu_order":2,"comment_status":"closed","ping_status":"closed","template":"templates\/fullwidth.php","meta":{"_eb_attr":"","footnotes":""},"class_list":["post-2027","page","type-page","status-publish","hentry"],"_links":{"self":[{"href":"https:\/\/solila.ch\/index.php?rest_route=\/wp\/v2\/pages\/2027","targetHints":{"allow":["GET"]}}],"collection":[{"href":"https:\/\/solila.ch\/index.php?rest_route=\/wp\/v2\/pages"}],"about":[{"href":"https:\/\/solila.ch\/index.php?rest_route=\/wp\/v2\/types\/page"}],"author":[{"embeddable":true,"href":"https:\/\/solila.ch\/index.php?rest_route=\/wp\/v2\/users\/2"}],"replies":[{"embeddable":true,"href":"https:\/\/solila.ch\/index.php?rest_route=%2Fwp%2Fv2%2Fcomments&post=2027"}],"version-history":[{"count":19,"href":"https:\/\/solila.ch\/index.php?rest_route=\/wp\/v2\/pages\/2027\/revisions"}],"predecessor-version":[{"id":2155,"href":"https:\/\/solila.ch\/index.php?rest_route=\/wp\/v2\/pages\/2027\/revisions\/2155"}],"up":[{"embeddable":true,"href":"https:\/\/solila.ch\/index.php?rest_route=\/wp\/v2\/pages\/1805"}],"wp:attachment":[{"href":"https:\/\/solila.ch\/index.php?rest_route=%2Fwp%2Fv2%2Fmedia&parent=2027"}],"curies":[{"name":"wp","href":"https:\/\/api.w.org\/{rel}","templated":true}]}}