{"id":2043,"date":"2026-04-05T19:40:53","date_gmt":"2026-04-05T17:40:53","guid":{"rendered":"https:\/\/solila.ch\/?page_id=2043"},"modified":"2026-04-17T10:43:26","modified_gmt":"2026-04-17T08:43:26","slug":"solila-solidarische-landwirtschaft-eulenhof-julien","status":"publish","type":"page","link":"https:\/\/solila.ch\/","title":{"rendered":"SoliLa \u2013 Solidarische Landwirtschaft Eulenhof"},"content":{"rendered":"\t\t<div data-elementor-type=\"wp-page\" data-elementor-id=\"2043\" class=\"elementor elementor-2043\">\n\t\t\t\t\t\t<section class=\"elementor-section elementor-top-section elementor-element elementor-element-87556e3 elementor-section-boxed elementor-section-height-default elementor-section-height-default\" data-id=\"87556e3\" data-element_type=\"section\" data-e-type=\"section\">\n\t\t\t\t\t\t<div class=\"elementor-container elementor-column-gap-default\">\n\t\t\t\t\t<div class=\"elementor-column elementor-col-100 elementor-top-column elementor-element elementor-element-2636931\" data-id=\"2636931\" data-element_type=\"column\" data-e-type=\"column\">\n\t\t\t<div class=\"elementor-widget-wrap elementor-element-populated\">\n\t\t\t\t\t\t<div class=\"elementor-element elementor-element-f2eea0c elementor-widget elementor-widget-text-editor\" data-id=\"f2eea0c\" data-element_type=\"widget\" data-e-type=\"widget\" data-widget_type=\"text-editor.default\">\n\t\t\t\t<div class=\"elementor-widget-container\">\n\t\t\t\t\t\t\t\t\t<h1><span style=\"color: #99c036;\">SoliLa &#8211; Solidarische Landwirtschaft Eulenhof<\/span><\/h1><p>Willkommen!!\u00a0Hier gibt es gesundes Gem\u00fcse und Obst, gesunde B\u00f6den, Biodiversit\u00e4t und Menschen, die den respektvollen Umgang mit der Natur vereint. Nach den Grunds\u00e4tzen der <strong>solidarischen Landwirtschaft<\/strong> k\u00f6nnen unsere Mitglieder Ernteanteile von Gem\u00fcse und Obst beziehen.<\/p><p>Sei dabei und du bekommst <strong>jede Woche frische, regionale, saisonale und biologische Lebensmittel<\/strong>, die du in einem unserer 15 <a href=\"https:\/\/solila.ch\/?page_id=12\">Depots<\/a> in und um M\u00f6hlin AG (zwischen Basel, Liestal und Frick) abholen kannst.<\/p>\t\t\t\t\t\t\t\t<\/div>\n\t\t\t\t<\/div>\n\t\t\t\t\t<\/div>\n\t\t<\/div>\n\t\t\t\t\t<\/div>\n\t\t<\/section>\n\t\t\t\t<section class=\"elementor-section elementor-top-section elementor-element elementor-element-1e94dd0 elementor-hidden-tablet elementor-hidden-phone elementor-section-boxed elementor-section-height-default elementor-section-height-default\" data-id=\"1e94dd0\" data-element_type=\"section\" data-e-type=\"section\">\n\t\t\t\t\t\t<div class=\"elementor-container elementor-column-gap-default\">\n\t\t\t\t\t<div class=\"elementor-column elementor-col-33 elementor-top-column elementor-element elementor-element-cd33387\" data-id=\"cd33387\" data-element_type=\"column\" data-e-type=\"column\">\n\t\t\t<div class=\"elementor-widget-wrap elementor-element-populated\">\n\t\t\t\t\t\t<div class=\"elementor-element elementor-element-08b3e72 elementor-align-center image-button elementor-widget elementor-widget-button\" data-id=\"08b3e72\" data-element_type=\"widget\" data-e-type=\"widget\" data-widget_type=\"button.default\">\n\t\t\t\t<div class=\"elementor-widget-container\">\n\t\t\t\t\t\t\t\t\t<div class=\"elementor-button-wrapper\">\n\t\t\t\t\t<a class=\"elementor-button elementor-button-link elementor-size-sm\" href=\"https:\/\/solila.ch\/?page_id=2027\">\n\t\t\t\t\t\t<span class=\"elementor-button-content-wrapper\">\n\t\t\t\t\t\t\t\t\t<span class=\"elementor-button-text\">N\u00e4chste  Events<\/span>\n\t\t\t\t\t<\/span>\n\t\t\t\t\t<\/a>\n\t\t\t\t<\/div>\n\t\t\t\t\t\t\t\t<\/div>\n\t\t\t\t<\/div>\n\t\t\t\t\t<\/div>\n\t\t<\/div>\n\t\t\t\t<div class=\"elementor-column elementor-col-33 elementor-top-column elementor-element elementor-element-718c046\" data-id=\"718c046\" data-element_type=\"column\" data-e-type=\"column\" data-settings=\"{&quot;background_background&quot;:&quot;classic&quot;}\">\n\t\t\t<div class=\"elementor-widget-wrap elementor-element-populated\">\n\t\t\t\t\t\t<div class=\"elementor-element elementor-element-2f1574f elementor-align-center image-button elementor-widget elementor-widget-button\" data-id=\"2f1574f\" data-element_type=\"widget\" data-e-type=\"widget\" data-widget_type=\"button.default\">\n\t\t\t\t<div class=\"elementor-widget-container\">\n\t\t\t\t\t\t\t\t\t<div class=\"elementor-button-wrapper\">\n\t\t\t\t\t<a class=\"elementor-button elementor-button-link elementor-size-sm\" href=\"https:\/\/juntagrico.solila-eulenhof.ch\/accounts\/login\/?next=\/\">\n\t\t\t\t\t\t<span class=\"elementor-button-content-wrapper\">\n\t\t\t\t\t\t\t\t\t<span class=\"elementor-button-text\">Mitglieder ecke<\/span>\n\t\t\t\t\t<\/span>\n\t\t\t\t\t<\/a>\n\t\t\t\t<\/div>\n\t\t\t\t\t\t\t\t<\/div>\n\t\t\t\t<\/div>\n\t\t\t\t\t<\/div>\n\t\t<\/div>\n\t\t\t\t<div class=\"elementor-column elementor-col-33 elementor-top-column elementor-element elementor-element-b0c0496\" data-id=\"b0c0496\" data-element_type=\"column\" data-e-type=\"column\">\n\t\t\t<div class=\"elementor-widget-wrap elementor-element-populated\">\n\t\t\t\t\t\t<div class=\"elementor-element elementor-element-6694d5f elementor-align-center image-button elementor-widget elementor-widget-button\" data-id=\"6694d5f\" data-element_type=\"widget\" data-e-type=\"widget\" data-widget_type=\"button.default\">\n\t\t\t\t<div class=\"elementor-widget-container\">\n\t\t\t\t\t\t\t\t\t<div class=\"elementor-button-wrapper\">\n\t\t\t\t\t<a class=\"elementor-button elementor-button-link elementor-size-sm\" href=\"https:\/\/solila.ch\/?page_id=10\">\n\t\t\t\t\t\t<span class=\"elementor-button-content-wrapper\">\n\t\t\t\t\t\t\t\t\t<span class=\"elementor-button-text\">neu hier? so funktioniert's<\/span>\n\t\t\t\t\t<\/span>\n\t\t\t\t\t<\/a>\n\t\t\t\t<\/div>\n\t\t\t\t\t\t\t\t<\/div>\n\t\t\t\t<\/div>\n\t\t\t\t\t<\/div>\n\t\t<\/div>\n\t\t\t\t\t<\/div>\n\t\t<\/section>\n\t\t\t\t<section class=\"elementor-section elementor-top-section elementor-element elementor-element-b12f96b elementor-section-boxed elementor-section-height-default elementor-section-height-default\" data-id=\"b12f96b\" data-element_type=\"section\" data-e-type=\"section\">\n\t\t\t\t\t\t<div class=\"elementor-container elementor-column-gap-default\">\n\t\t\t\t\t<div class=\"elementor-column elementor-col-100 elementor-top-column elementor-element elementor-element-e673e3e\" data-id=\"e673e3e\" data-element_type=\"column\" data-e-type=\"column\">\n\t\t\t<div class=\"elementor-widget-wrap elementor-element-populated\">\n\t\t\t\t\t\t<section class=\"elementor-section elementor-inner-section elementor-element elementor-element-bb14776 elementor-section-boxed elementor-section-height-default elementor-section-height-default\" data-id=\"bb14776\" data-element_type=\"section\" data-e-type=\"section\">\n\t\t\t\t\t\t<div class=\"elementor-container elementor-column-gap-default\">\n\t\t\t\t\t<div class=\"elementor-column elementor-col-50 elementor-inner-column elementor-element elementor-element-66785bd\" data-id=\"66785bd\" data-element_type=\"column\" data-e-type=\"column\">\n\t\t\t<div class=\"elementor-widget-wrap elementor-element-populated\">\n\t\t\t\t\t\t<div class=\"elementor-element elementor-element-31843a9 elementor-widget elementor-widget-text-editor\" data-id=\"31843a9\" data-element_type=\"widget\" data-e-type=\"widget\" data-widget_type=\"text-editor.default\">\n\t\t\t\t<div class=\"elementor-widget-container\">\n\t\t\t\t\t\t\t\t\t<h3><span style=\"color: #99c036;\"><b>AKTUELLES<\/b><\/span><\/h3><p>Schau dir hier den ersten von vier kleinen Filmen zum Thema &#171;Saisonal&#187; an: <strong><em>Fr\u00fchling<\/em><\/strong><\/p>\t\t\t\t\t\t\t\t<\/div>\n\t\t\t\t<\/div>\n\t\t\t\t<div class=\"elementor-element elementor-element-ad1db70 elementor-widget elementor-widget-video\" data-id=\"ad1db70\" data-element_type=\"widget\" data-e-type=\"widget\" data-settings=\"{&quot;video_type&quot;:&quot;vimeo&quot;}\" data-widget_type=\"video.default\">\n\t\t\t\t<div class=\"elementor-widget-container\">\n\t\t\t\t\t\t\t<div class=\"elementor-wrapper elementor-open-inline\">\n\t\t\t<iframe class=\"elementor-video-iframe\" allowfullscreen allow=\"clipboard-write\" title=\"vimeo Video Player\" src=\"https:\/\/player.vimeo.com\/video\/1173705917?color&amp;autopause=0&amp;loop=0&amp;muted=0&amp;title=1&amp;portrait=1&amp;byline=1#t=\"><\/iframe>\t\t<\/div>\n\t\t\t\t\t\t<\/div>\n\t\t\t\t<\/div>\n\t\t\t\t<div class=\"elementor-element elementor-element-6f51528 elementor-widget elementor-widget-spacer\" data-id=\"6f51528\" data-element_type=\"widget\" data-e-type=\"widget\" data-widget_type=\"spacer.default\">\n\t\t\t\t<div class=\"elementor-widget-container\">\n\t\t\t\t\t\t\t<div class=\"elementor-spacer\">\n\t\t\t<div class=\"elementor-spacer-inner\"><\/div>\n\t\t<\/div>\n\t\t\t\t\t\t<\/div>\n\t\t\t\t<\/div>\n\t\t\t\t<div class=\"elementor-element elementor-element-4f7c90b elementor-widget elementor-widget-text-editor\" data-id=\"4f7c90b\" data-element_type=\"widget\" data-e-type=\"widget\" data-widget_type=\"text-editor.default\">\n\t\t\t\t<div class=\"elementor-widget-container\">\n\t\t\t\t\t\t\t\t\t<h3><span style=\"color: #99c036;\"><strong>M\u00d6CHTEST DU MEHR WISSEN?<\/strong><\/span><\/h3><p><a href=\"https:\/\/solila.ch\/wordpress\/?page_id=30\">Hier<\/a>\u00a0findest du unsere Statuten und unser Reglement f\u00fcr den Bezug von Lebensmitteln.<\/p>\t\t\t\t\t\t\t\t<\/div>\n\t\t\t\t<\/div>\n\t\t\t\t\t<\/div>\n\t\t<\/div>\n\t\t\t\t<div class=\"elementor-column elementor-col-50 elementor-inner-column elementor-element elementor-element-3ffb010\" data-id=\"3ffb010\" data-element_type=\"column\" data-e-type=\"column\">\n\t\t\t<div class=\"elementor-widget-wrap elementor-element-populated\">\n\t\t\t\t\t\t<div class=\"elementor-element elementor-element-35de54b elementor-widget elementor-widget-text-editor\" data-id=\"35de54b\" data-element_type=\"widget\" data-e-type=\"widget\" data-widget_type=\"text-editor.default\">\n\t\t\t\t<div class=\"elementor-widget-container\">\n\t\t\t\t\t\t\t\t\t<h3><span style=\"color: #99c036;\"><span style=\"font-weight: bold;\">EVENTS 2026<\/span><\/span><\/h3><ul><li><em>25. April (SA) &#8211; 9:00-17:00:<\/em> Aktionstag &#171;Tomaten setzen&#187;<\/li><li><i>26. April (SO) &#8211; 14:00: <\/i>Generalversammlung<\/li><li><em>9. Mai (SA) &#8211; 9:00-17:00:<\/em> Aktionstag &#171;Blumenkohl setzen&#187;<\/li><li><em>13. Mai (MI) &#8211; 9:00-18:30:<\/em> Fr\u00fchlingsmarkt Gelterkinden<\/li><li><em>23. Mai (SA) &#8211; 13:00-17:00:<\/em> Aktion(halb)stag &#171;Kohl setzen&#187;<\/li><li><em>20. Jun (SA) &#8211; 18:00<\/em>: Mittsommer-Fest<\/li><li><em>11. Jul (SA) &#8211; 9:00-17:00:<\/em> Aktionstag &#171;Heidelbeeren ernten&#187;<\/li><li>3. Okt. (SA) &#8211; 13:00-17:00: Aktions(halb)tag &#171;Wintersalat setzen&#187;<\/li><li><em>17. Okt (SA)<\/em> &#8211; 16:00: Erntedankfest<\/li><li>31. Okt (SA) &#8211; 13:00-17:00: Aktions(halb)tag &#171;N\u00fcsslisalat setzen&#187;<\/li><li>21. Nov (SA) &#8211; 13:00-17:00: Aktions(halb)tag &#171;N\u00fcsslisalat setzen&#187;<\/li><\/ul><p>Bitte beachte, dass die Arbeit, die wir am Aktionstag machen, sich je nach Wetter und Saisonablauf noch \u00e4ndern kann.<\/p><p>Neben den Aktionstagen sind wir auch immer froh um Hilfe an den Erntetagen w\u00e4hrend der Woche (Mo. &amp; Do.) und k\u00f6nnen gerne auch J\u00e4teaktionen am Feierabend anbieten \ud83d\ude09<\/p>\t\t\t\t\t\t\t\t<\/div>\n\t\t\t\t<\/div>\n\t\t\t\t\t<\/div>\n\t\t<\/div>\n\t\t\t\t\t<\/div>\n\t\t<\/section>\n\t\t\t\t\t<\/div>\n\t\t<\/div>\n\t\t\t\t\t<\/div>\n\t\t<\/section>\n\t\t\t\t<\/div>\n\t\t","protected":false},"excerpt":{"rendered":"<p>SoliLa &#8211; Solidarische Landwirtschaft Eulenhof Willkommen!!\u00a0Hier gibt es gesundes Gem\u00fcse und Obst, gesunde B\u00f6den, Biodiversit\u00e4t und Menschen, die den respektvollen Umgang mit der Natur vereint. Nach den Grunds\u00e4tzen der solidarischen Landwirtschaft k\u00f6nnen unsere Mitglieder Ernteanteile von Gem\u00fcse und Obst beziehen. Sei dabei und du bekommst jede Woche frische, regionale, saisonale und biologische Lebensmittel, die du &#8230;<\/p>\n","protected":false},"author":2,"featured_media":0,"parent":0,"menu_order":0,"comment_status":"closed","ping_status":"closed","template":"elementor_header_footer","meta":{"_eb_attr":"","footnotes":""},"class_list":["post-2043","page","type-page","status-publish","hentry"],"_links":{"self":[{"href":"https:\/\/solila.ch\/index.php?rest_route=\/wp\/v2\/pages\/2043","targetHints":{"allow":["GET"]}}],"collection":[{"href":"https:\/\/solila.ch\/index.php?rest_route=\/wp\/v2\/pages"}],"about":[{"href":"https:\/\/solila.ch\/index.php?rest_route=\/wp\/v2\/types\/page"}],"author":[{"embeddable":true,"href":"https:\/\/solila.ch\/index.php?rest_route=\/wp\/v2\/users\/2"}],"replies":[{"embeddable":true,"href":"https:\/\/solila.ch\/index.php?rest_route=%2Fwp%2Fv2%2Fcomments&post=2043"}],"version-history":[{"count":56,"href":"https:\/\/solila.ch\/index.php?rest_route=\/wp\/v2\/pages\/2043\/revisions"}],"predecessor-version":[{"id":2177,"href":"https:\/\/solila.ch\/index.php?rest_route=\/wp\/v2\/pages\/2043\/revisions\/2177"}],"wp:attachment":[{"href":"https:\/\/solila.ch\/index.php?rest_route=%2Fwp%2Fv2%2Fmedia&parent=2043"}],"curies":[{"name":"wp","href":"https:\/\/api.w.org\/{rel}","templated":true}]}}